{"id":566,"date":"2025-04-04T09:48:41","date_gmt":"2025-04-04T09:48:41","guid":{"rendered":"http:\/\/csep.hu\/?page_id=566"},"modified":"2025-04-04T09:54:38","modified_gmt":"2025-04-04T09:54:38","slug":"jegyzokonyvek","status":"publish","type":"page","link":"http:\/\/csep.hu\/?page_id=566","title":{"rendered":"Jegyz\u0151k\u00f6nyvek"},"content":{"rendered":"\n<p><a href=\"http:\/\/csep.hu\/wp-content\/uploads\/2025\/04\/Jegyzokonyv-alakulo-20241014.pdf\">Jegyz\u0151k\u00f6nyv alakul\u00f3 20241014<\/a><\/p>\n\n\n\n<p><a href=\"http:\/\/csep.hu\/wp-content\/uploads\/2025\/04\/Jegyzokonyv-Csep-RK-KT-ules-20241104.pdf\">Jegyz\u0151k\u00f6nyv Cs\u00e9p RK KT \u00fcl\u00e9s 20241104<\/a><\/p>\n\n\n\n<p><a href=\"http:\/\/csep.hu\/wp-content\/uploads\/2025\/04\/Jegyzokonyv-RK-KT-ules-20241216.pdf\">Jegyz\u0151k\u00f6nyv RK KT \u00fcl\u00e9s 20241216<\/a><\/p>\n\n\n\n<p><a href=\"http:\/\/csep.hu\/wp-content\/uploads\/2025\/04\/Jegyzokonyv-Csep-KT.-20250211.pdf\">Jegyz\u0151k\u00f6nyv Cs\u00e9p KT. 20250211<\/a><\/p>\n\n\n\n<p><a href=\"http:\/\/csep.hu\/wp-content\/uploads\/2025\/04\/Jegyzokonyv-Kozmeghallgatas.pdf\">Jegyz\u0151k\u00f6nyv K\u00f6zmeghallgat\u00e1s<\/a><\/p>\n\n\n\n<p><\/p>\n","protected":false},"excerpt":{"rendered":"<p>Jegyz\u0151k\u00f6nyv alakul\u00f3 20241014 Jegyz\u0151k\u00f6nyv Cs\u00e9p RK KT \u00fcl\u00e9s 20241104 Jegyz\u0151k\u00f6nyv RK KT \u00fcl\u00e9s 20241216 Jegyz\u0151k\u00f6nyv Cs\u00e9p KT. 20250211 Jegyz\u0151k\u00f6nyv K\u00f6zmeghallgat\u00e1s<\/p>\n","protected":false},"author":1,"featured_media":0,"parent":0,"menu_order":0,"comment_status":"closed","ping_status":"closed","template":"","meta":{"footnotes":""},"_links":{"self":[{"href":"http:\/\/csep.hu\/index.php?rest_route=\/wp\/v2\/pages\/566"}],"collection":[{"href":"http:\/\/csep.hu\/index.php?rest_route=\/wp\/v2\/pages"}],"about":[{"href":"http:\/\/csep.hu\/index.php?rest_route=\/wp\/v2\/types\/page"}],"author":[{"embeddable":true,"href":"http:\/\/csep.hu\/index.php?rest_route=\/wp\/v2\/users\/1"}],"replies":[{"embeddable":true,"href":"http:\/\/csep.hu\/index.php?rest_route=%2Fwp%2Fv2%2Fcomments&post=566"}],"version-history":[{"count":2,"href":"http:\/\/csep.hu\/index.php?rest_route=\/wp\/v2\/pages\/566\/revisions"}],"predecessor-version":[{"id":576,"href":"http:\/\/csep.hu\/index.php?rest_route=\/wp\/v2\/pages\/566\/revisions\/576"}],"wp:attachment":[{"href":"http:\/\/csep.hu\/index.php?rest_route=%2Fwp%2Fv2%2Fmedia&parent=566"}],"curies":[{"name":"wp","href":"https:\/\/api.w.org\/{rel}","templated":true}]}}