{"id":49,"date":"2015-11-03T16:26:51","date_gmt":"2015-11-03T16:26:51","guid":{"rendered":"http:\/\/csep.hu\/?page_id=49"},"modified":"2024-11-11T18:53:31","modified_gmt":"2024-11-11T18:53:31","slug":"kepviselo-testulet","status":"publish","type":"page","link":"http:\/\/csep.hu\/?page_id=49","title":{"rendered":"K\u00e9pvisel\u0151-test\u00fclet"},"content":{"rendered":"<table border=\"0\" width=\"100%\" cellspacing=\"0\" cellpadding=\"1\">\n<tbody>\n<tr>\n<td width=\"50%\">\n<h2>Kiss Veronika Zsuzsanna &#8211; k\u00e9pvisel\u0151<\/h2>\n<p><strong>E-mail:<\/strong><\/td>\n<td>\u00a0<img loading=\"lazy\" decoding=\"async\" class=\"aligncenter wp-image-60 size-medium\" src=\"http:\/\/csep.hu\/wp-content\/uploads\/2015\/11\/no-300x225.jpg\" alt=\"no\" width=\"300\" height=\"225\" \/><\/td>\n<\/tr>\n<tr>\n<td width=\"50%\">\n<h2>Kov\u00e1cs D\u00e1niel &#8211; k\u00e9pvisel\u0151<\/h2>\n<p><strong>E-mail:<\/strong><\/td>\n<td>\u00a0<img loading=\"lazy\" decoding=\"async\" class=\"aligncenter size-medium wp-image-60\" src=\"http:\/\/csep.hu\/wp-content\/uploads\/2015\/11\/no-300x225.jpg\" alt=\"no\" width=\"300\" height=\"225\" \/><\/td>\n<\/tr>\n<tr>\n<td width=\"50%\">\n<h2>Zv\u00e9r M\u00f3nika &#8211; k\u00e9pvisel\u0151<\/h2>\n<p><strong>E-mail:<\/strong><\/td>\n<td>\u00a0<img loading=\"lazy\" decoding=\"async\" class=\"aligncenter size-medium wp-image-60\" src=\"http:\/\/csep.hu\/wp-content\/uploads\/2015\/11\/no-300x225.jpg\" alt=\"no\" width=\"300\" height=\"225\" \/><\/td>\n<\/tr>\n<\/tbody>\n<\/table>\n","protected":false},"excerpt":{"rendered":"<p>Kiss Veronika Zsuzsanna &#8211; k\u00e9pvisel\u0151 E-mail: \u00a0 Kov\u00e1cs D\u00e1niel &#8211; k\u00e9pvisel\u0151 E-mail: \u00a0 Zv\u00e9r M\u00f3nika &#8211; k\u00e9pvisel\u0151 E-mail: \u00a0<\/p>\n","protected":false},"author":1,"featured_media":0,"parent":28,"menu_order":0,"comment_status":"closed","ping_status":"closed","template":"","meta":{"footnotes":""},"_links":{"self":[{"href":"http:\/\/csep.hu\/index.php?rest_route=\/wp\/v2\/pages\/49"}],"collection":[{"href":"http:\/\/csep.hu\/index.php?rest_route=\/wp\/v2\/pages"}],"about":[{"href":"http:\/\/csep.hu\/index.php?rest_route=\/wp\/v2\/types\/page"}],"author":[{"embeddable":true,"href":"http:\/\/csep.hu\/index.php?rest_route=\/wp\/v2\/users\/1"}],"replies":[{"embeddable":true,"href":"http:\/\/csep.hu\/index.php?rest_route=%2Fwp%2Fv2%2Fcomments&post=49"}],"version-history":[{"count":9,"href":"http:\/\/csep.hu\/index.php?rest_route=\/wp\/v2\/pages\/49\/revisions"}],"predecessor-version":[{"id":501,"href":"http:\/\/csep.hu\/index.php?rest_route=\/wp\/v2\/pages\/49\/revisions\/501"}],"up":[{"embeddable":true,"href":"http:\/\/csep.hu\/index.php?rest_route=\/wp\/v2\/pages\/28"}],"wp:attachment":[{"href":"http:\/\/csep.hu\/index.php?rest_route=%2Fwp%2Fv2%2Fmedia&parent=49"}],"curies":[{"name":"wp","href":"https:\/\/api.w.org\/{rel}","templated":true}]}}