{"id":465,"date":"2024-02-29T22:29:56","date_gmt":"2024-02-29T22:29:56","guid":{"rendered":"http:\/\/csep.hu\/?page_id=465"},"modified":"2024-03-07T21:58:55","modified_gmt":"2024-03-07T21:58:55","slug":"csep-csapadekviz-elvezetesenek-fejlesztese","status":"publish","type":"page","link":"http:\/\/csep.hu\/?page_id=465","title":{"rendered":"Cs\u00e9p csapad\u00e9kv\u00edz-elvezet\u00e9s\u00e9nek fejleszt\u00e9se"},"content":{"rendered":"\n<figure class=\"wp-block-image size-large\"><a href=\"http:\/\/csep.hu\/wp-content\/uploads\/2024\/02\/CSEP-35-top_2_1_3_16_ko1_2021_00035_c_fekvo_nyomdai-1.png\"><img loading=\"lazy\" decoding=\"async\" width=\"1024\" height=\"726\" src=\"http:\/\/csep.hu\/wp-content\/uploads\/2024\/02\/CSEP-35-top_2_1_3_16_ko1_2021_00035_c_fekvo_nyomdai-1-1024x726.png\" alt=\"\" class=\"wp-image-474\" srcset=\"http:\/\/csep.hu\/wp-content\/uploads\/2024\/02\/CSEP-35-top_2_1_3_16_ko1_2021_00035_c_fekvo_nyomdai-1-1024x726.png 1024w, http:\/\/csep.hu\/wp-content\/uploads\/2024\/02\/CSEP-35-top_2_1_3_16_ko1_2021_00035_c_fekvo_nyomdai-1-300x213.png 300w, http:\/\/csep.hu\/wp-content\/uploads\/2024\/02\/CSEP-35-top_2_1_3_16_ko1_2021_00035_c_fekvo_nyomdai-1-768x544.png 768w, http:\/\/csep.hu\/wp-content\/uploads\/2024\/02\/CSEP-35-top_2_1_3_16_ko1_2021_00035_c_fekvo_nyomdai-1-1536x1089.png 1536w, http:\/\/csep.hu\/wp-content\/uploads\/2024\/02\/CSEP-35-top_2_1_3_16_ko1_2021_00035_c_fekvo_nyomdai-1-2048x1452.png 2048w, http:\/\/csep.hu\/wp-content\/uploads\/2024\/02\/CSEP-35-top_2_1_3_16_ko1_2021_00035_c_fekvo_nyomdai-1-750x532.png 750w\" sizes=\"(max-width: 1024px) 100vw, 1024px\" \/><\/a><\/figure>\n\n\n\n<p><\/p>\n\n\n\n<p><strong>KEDVEZM\u00c9NYEZETT NEVE<\/strong><\/p>\n\n\n\n<p>Cs\u00e9p K\u00f6zs\u00e9g \u00d6nkorm\u00e1nyzata<\/p>\n\n\n\n<p><strong>EL\u00c9RHET\u0150S\u00c9GE<\/strong><\/p>\n\n\n\n<p>2946 Cs\u00e9p Kossuth Lajos utca 2.<\/p>\n\n\n\n<p><strong>PROJEKT HELYSZ\u00cdNE<\/strong><\/p>\n\n\n\n<p>2946 Cs\u00e9p &nbsp;Pet\u0151fi S\u00e1ndor utca<\/p>\n\n\n\n<p><strong>A PROJEKT C\u00cdME<\/strong><\/p>\n\n\n\n<p>Cs\u00e9p csapad\u00e9kv\u00edz-elvezet\u00e9s\u00e9nek fejleszt\u00e9se<\/p>\n\n\n\n<p><strong>A PROJEKT AZONOS\u00cdT\u00d3 SZ\u00c1MA<\/strong><\/p>\n\n\n\n<p>TOP-2.1.3-16-KO1-2021-00035<\/p>\n\n\n\n<p><strong>A PROJEKT BEFEJEZ\u00c9S\u00c9NEK D\u00c1TUMA<\/strong><\/p>\n\n\n\n<p>2023.11.30.<\/p>\n\n\n\n<p><strong>A T\u00c1MOGAT\u00c1S \u00d6SSZEGE<\/strong><\/p>\n\n\n\n<p>50&nbsp;000 000 Ft<\/p>\n\n\n\n<p><strong>T\u00c1MOGAT\u00c1S M\u00c9RT\u00c9KE<\/strong><\/p>\n\n\n\n<p>100%<\/p>\n\n\n\n<p><strong>SZEML\u00c9LETFORM\u00c1L\u00d3 ANYAGOK<\/strong><\/p>\n\n\n\n<ul>\n<li><strong><a href=\"http:\/\/csep.hu\/wp-content\/uploads\/2024\/02\/Csep_TOP-2.1.3-16-KO1-2021-00035_plakat.pdf\" target=\"_blank\" rel=\"noreferrer noopener\">Plak\u00e1t<\/a><\/strong><\/li>\n\n\n\n<li><strong><a href=\"http:\/\/csep.hu\/wp-content\/uploads\/2024\/02\/Csep_TOP-2.1.3-16-KO1-2021-00035_szorolap.pdf\" data-type=\"link\" data-id=\"http:\/\/csep.hu\/wp-content\/uploads\/2024\/02\/Csep_TOP-2.1.3-16-KO1-2021-00035_szorolap.pdf\" target=\"_blank\" rel=\"noreferrer noopener\">Sz\u00f3r\u00f3lap<\/a><\/strong><\/li>\n\n\n\n<li><strong><a href=\"http:\/\/csep.hu\/wp-content\/uploads\/2024\/02\/Csep_TOP-2.1.3-16-KO1-2021-00035_kiadvany_MOD.pdf\" data-type=\"link\" data-id=\"http:\/\/csep.hu\/wp-content\/uploads\/2024\/02\/Csep_TOP-2.1.3-16-KO1-2021-00035_kiadvany_MOD.pdf\" target=\"_blank\" rel=\"noreferrer noopener\">Kiadv\u00e1ny<\/a><\/strong><\/li>\n\n\n\n<li><strong><a href=\"http:\/\/csep.hu\/wp-content\/uploads\/2024\/02\/Csep_TOP-2.1.3-16-KO1-2021-00035_szinezo.pdf\" data-type=\"link\" data-id=\"http:\/\/csep.hu\/wp-content\/uploads\/2024\/02\/Csep_TOP-2.1.3-16-KO1-2021-00035_szinezo.pdf\" target=\"_blank\" rel=\"noreferrer noopener\">Sz\u00ednez\u0151<\/a><\/strong><\/li>\n<\/ul>\n\n\n\n<hr class=\"wp-block-separator has-alpha-channel-opacity\"\/>\n\n\n\n<p><strong>PROJEKT \u00c1LLAPOTA 50 %<\/strong><strong><\/strong><\/p>\n\n\n\n<figure class=\"wp-block-gallery has-nested-images columns-default is-cropped wp-block-gallery-1 is-layout-flex wp-block-gallery-is-layout-flex\">\n<figure class=\"wp-block-image size-large\"><a href=\"http:\/\/csep.hu\/wp-content\/uploads\/2024\/03\/Csep-Munkakozi-kepek-1-scaled.jpg\"><img loading=\"lazy\" decoding=\"async\" width=\"768\" height=\"1024\" data-id=\"481\" src=\"http:\/\/csep.hu\/wp-content\/uploads\/2024\/03\/Csep-Munkakozi-kepek-1-768x1024.jpg\" alt=\"\" class=\"wp-image-481\" srcset=\"http:\/\/csep.hu\/wp-content\/uploads\/2024\/03\/Csep-Munkakozi-kepek-1-768x1024.jpg 768w, http:\/\/csep.hu\/wp-content\/uploads\/2024\/03\/Csep-Munkakozi-kepek-1-225x300.jpg 225w, http:\/\/csep.hu\/wp-content\/uploads\/2024\/03\/Csep-Munkakozi-kepek-1-1152x1536.jpg 1152w, http:\/\/csep.hu\/wp-content\/uploads\/2024\/03\/Csep-Munkakozi-kepek-1-1536x2048.jpg 1536w, http:\/\/csep.hu\/wp-content\/uploads\/2024\/03\/Csep-Munkakozi-kepek-1-750x1000.jpg 750w, http:\/\/csep.hu\/wp-content\/uploads\/2024\/03\/Csep-Munkakozi-kepek-1-scaled.jpg 1920w\" sizes=\"(max-width: 768px) 100vw, 768px\" \/><\/a><\/figure>\n\n\n\n<figure class=\"wp-block-image size-large\"><a href=\"http:\/\/csep.hu\/wp-content\/uploads\/2024\/03\/Csep-Munkakozi-kepek-2-scaled.jpg\"><img loading=\"lazy\" decoding=\"async\" width=\"1024\" height=\"899\" data-id=\"480\" src=\"http:\/\/csep.hu\/wp-content\/uploads\/2024\/03\/Csep-Munkakozi-kepek-2-1024x899.jpg\" alt=\"\" class=\"wp-image-480\" srcset=\"http:\/\/csep.hu\/wp-content\/uploads\/2024\/03\/Csep-Munkakozi-kepek-2-1024x899.jpg 1024w, http:\/\/csep.hu\/wp-content\/uploads\/2024\/03\/Csep-Munkakozi-kepek-2-300x264.jpg 300w, http:\/\/csep.hu\/wp-content\/uploads\/2024\/03\/Csep-Munkakozi-kepek-2-768x675.jpg 768w, http:\/\/csep.hu\/wp-content\/uploads\/2024\/03\/Csep-Munkakozi-kepek-2-1536x1349.jpg 1536w, http:\/\/csep.hu\/wp-content\/uploads\/2024\/03\/Csep-Munkakozi-kepek-2-2048x1799.jpg 2048w, http:\/\/csep.hu\/wp-content\/uploads\/2024\/03\/Csep-Munkakozi-kepek-2-750x659.jpg 750w\" sizes=\"(max-width: 1024px) 100vw, 1024px\" \/><\/a><\/figure>\n\n\n\n<figure class=\"wp-block-image size-large\"><a href=\"http:\/\/csep.hu\/wp-content\/uploads\/2024\/03\/Csep-munkakozi-kepek-3-scaled.jpg\"><img loading=\"lazy\" decoding=\"async\" width=\"1024\" height=\"768\" data-id=\"482\" src=\"http:\/\/csep.hu\/wp-content\/uploads\/2024\/03\/Csep-munkakozi-kepek-3-1024x768.jpg\" alt=\"\" class=\"wp-image-482\" srcset=\"http:\/\/csep.hu\/wp-content\/uploads\/2024\/03\/Csep-munkakozi-kepek-3-1024x768.jpg 1024w, http:\/\/csep.hu\/wp-content\/uploads\/2024\/03\/Csep-munkakozi-kepek-3-300x225.jpg 300w, http:\/\/csep.hu\/wp-content\/uploads\/2024\/03\/Csep-munkakozi-kepek-3-768x576.jpg 768w, http:\/\/csep.hu\/wp-content\/uploads\/2024\/03\/Csep-munkakozi-kepek-3-1536x1152.jpg 1536w, http:\/\/csep.hu\/wp-content\/uploads\/2024\/03\/Csep-munkakozi-kepek-3-2048x1536.jpg 2048w, http:\/\/csep.hu\/wp-content\/uploads\/2024\/03\/Csep-munkakozi-kepek-3-750x563.jpg 750w\" sizes=\"(max-width: 1024px) 100vw, 1024px\" \/><\/a><\/figure>\n<\/figure>\n\n\n\n<hr class=\"wp-block-separator has-alpha-channel-opacity\"\/>\n\n\n\n<p><strong>PROJEKT \u00c1LLAPOTA 100 %<\/strong><\/p>\n\n\n\n<figure class=\"wp-block-gallery has-nested-images columns-default is-cropped wp-block-gallery-2 is-layout-flex wp-block-gallery-is-layout-flex\">\n<figure class=\"wp-block-image size-large\"><a href=\"http:\/\/csep.hu\/wp-content\/uploads\/2024\/02\/Csep-100-1-scaled.jpg\"><img loading=\"lazy\" decoding=\"async\" width=\"768\" height=\"1024\" data-id=\"468\" src=\"http:\/\/csep.hu\/wp-content\/uploads\/2024\/02\/Csep-100-1-768x1024.jpg\" alt=\"\" class=\"wp-image-468\" srcset=\"http:\/\/csep.hu\/wp-content\/uploads\/2024\/02\/Csep-100-1-768x1024.jpg 768w, http:\/\/csep.hu\/wp-content\/uploads\/2024\/02\/Csep-100-1-225x300.jpg 225w, http:\/\/csep.hu\/wp-content\/uploads\/2024\/02\/Csep-100-1-1152x1536.jpg 1152w, http:\/\/csep.hu\/wp-content\/uploads\/2024\/02\/Csep-100-1-1536x2048.jpg 1536w, http:\/\/csep.hu\/wp-content\/uploads\/2024\/02\/Csep-100-1-750x1000.jpg 750w, http:\/\/csep.hu\/wp-content\/uploads\/2024\/02\/Csep-100-1-scaled.jpg 1920w\" sizes=\"(max-width: 768px) 100vw, 768px\" \/><\/a><\/figure>\n\n\n\n<figure class=\"wp-block-image size-large\"><a href=\"http:\/\/csep.hu\/wp-content\/uploads\/2024\/02\/Csep-100-3-scaled.jpg\"><img loading=\"lazy\" decoding=\"async\" width=\"768\" height=\"1024\" data-id=\"467\" src=\"http:\/\/csep.hu\/wp-content\/uploads\/2024\/02\/Csep-100-3-768x1024.jpg\" alt=\"\" class=\"wp-image-467\" srcset=\"http:\/\/csep.hu\/wp-content\/uploads\/2024\/02\/Csep-100-3-768x1024.jpg 768w, http:\/\/csep.hu\/wp-content\/uploads\/2024\/02\/Csep-100-3-225x300.jpg 225w, http:\/\/csep.hu\/wp-content\/uploads\/2024\/02\/Csep-100-3-1152x1536.jpg 1152w, http:\/\/csep.hu\/wp-content\/uploads\/2024\/02\/Csep-100-3-1536x2048.jpg 1536w, http:\/\/csep.hu\/wp-content\/uploads\/2024\/02\/Csep-100-3-750x1000.jpg 750w, http:\/\/csep.hu\/wp-content\/uploads\/2024\/02\/Csep-100-3-scaled.jpg 1920w\" sizes=\"(max-width: 768px) 100vw, 768px\" \/><\/a><\/figure>\n\n\n\n<figure class=\"wp-block-image size-large\"><a href=\"http:\/\/csep.hu\/wp-content\/uploads\/2024\/02\/Csep-100-4-scaled.jpg\"><img loading=\"lazy\" decoding=\"async\" width=\"768\" height=\"1024\" data-id=\"466\" src=\"http:\/\/csep.hu\/wp-content\/uploads\/2024\/02\/Csep-100-4-768x1024.jpg\" alt=\"\" class=\"wp-image-466\" srcset=\"http:\/\/csep.hu\/wp-content\/uploads\/2024\/02\/Csep-100-4-768x1024.jpg 768w, http:\/\/csep.hu\/wp-content\/uploads\/2024\/02\/Csep-100-4-225x300.jpg 225w, http:\/\/csep.hu\/wp-content\/uploads\/2024\/02\/Csep-100-4-1152x1536.jpg 1152w, http:\/\/csep.hu\/wp-content\/uploads\/2024\/02\/Csep-100-4-1536x2048.jpg 1536w, http:\/\/csep.hu\/wp-content\/uploads\/2024\/02\/Csep-100-4-750x1000.jpg 750w, http:\/\/csep.hu\/wp-content\/uploads\/2024\/02\/Csep-100-4-scaled.jpg 1920w\" sizes=\"(max-width: 768px) 100vw, 768px\" \/><\/a><\/figure>\n<\/figure>\n\n\n\n<p><\/p>\n\n\n\n<p><strong>A PROJEKT \u00d6SSZEFOGLAL\u00c1SA<\/strong><\/p>\n\n\n\n<p>A Sz\u00e9chenyi 2020 program keret\u00e9ben 50 milli\u00f3 forint eur\u00f3pai uni\u00f3s, vissza nem t\u00e9r\u00edtend\u0151 t\u00e1mogat\u00e1s seg\u00edts\u00e9g\u00e9vel csapad\u00e9kv\u00edz-elvezet\u0151 csatorn\u00e1k fejleszt\u00e9s\u00e9re ker\u00fclt sor Cs\u00e9pen.<\/p>\n\n\n\n<p>Cs\u00e9p K\u00f6zs\u00e9g \u00d6nkorm\u00e1nyzata a csapad\u00e9kv\u00edz-elvezet\u00e9s fejleszt\u00e9s\u00e9re p\u00e1ly\u00e1zott \u00e9s nyert t\u00e1mogat\u00e1st a TOP-2.1.3-16 k\u00f3dsz\u00e1m\u00fa, \u201eTelep\u00fcl\u00e9si k\u00f6rnyezetv\u00e9delmi infrastrukt\u00farafejleszt\u00e9sek\u201d c\u00edm\u0171 felh\u00edv\u00e1son, mely beruh\u00e1z\u00e1s a telep\u00fcl\u00e9s k\u00f6zponti utc\u00e1j\u00e1ban, a Pet\u0151fi utc\u00e1ban val\u00f3sult meg.<\/p>\n\n\n\n<p>A projekt konkr\u00e9t c\u00e9lja volt, hogy egy megfelel\u0151 biztons\u00e1got ny\u00fajt\u00f3 csapad\u00e9kv\u00edz elvezet\u00e9si rendszer ker\u00fclj\u00f6n kialak\u00edt\u00e1sra a teljesen be\u00e9p\u00edtett csal\u00e1dih\u00e1zas \u00f6vezeti r\u00e9szen, amely v\u00edzk\u00e1rok kialakul\u00e1sa n\u00e9lk\u00fcl k\u00e9pes elvezetni a befogad\u00f3ba az egyszerre lehull\u00f3 nagy mennyis\u00e9g\u0171 csapad\u00e9kot is.<\/p>\n\n\n\n<p>Az \u00e9rintett r\u00e9szen az ingatlanok fekv\u00e9se m\u00e9lyebb a ki\u00e9p\u00fclt szil\u00e1rd burkolat\u00fa utakn\u00e1l, a csapad\u00e9kv\u00edz az \u00fatburkolati p\u00e1lyatest l\u00e1b\u00e1n\u00e1l \u00e9s az ingatlanok \u00fat fel\u00e9 es\u0151 szakaszain gy\u00fclekezett \u00f6ssze. Intenz\u00edv csapad\u00e9khull\u00e1s eset\u00e9n a vizet m\u00e1r nem voltak k\u00e9pesek elvezetni a telep\u00fcl\u00e9s megl\u00e9v\u0151 burkolt vagy burkolatlan elvezet\u0151 \u00e1rkai. A kapott t\u00e1mogat\u00e1snak k\u00f6sz\u00f6nhet\u0151en a megl\u00e9v\u0151 \u00e1rkokat \u00e1t\u00e9p\u00edtett\u00e9k, leburkolt\u00e1k \u00e9s alkalmass\u00e1 tett\u00e9k a kl\u00edmav\u00e1ltoz\u00e1s miatt egyre gyakrabban el\u0151fordul\u00f3 nagy mennyis\u00e9g\u0171 csapad\u00e9k elvezet\u00e9s\u00e9re.<\/p>\n\n\n\n<p>A TOP-2.1.3-16-KO1-2021-00035 azonos\u00edt\u00f3sz\u00e1m\u00fa projekt keret\u00e9ben 2&nbsp;068 m\u00e9ter hosszan ker\u00fclt sor csapad\u00e9kcsatorna \u00e9p\u00edt\u00e9sre, illetve a megl\u00e9v\u0151k burkol\u00e1s\u00e1ra. Az 50&nbsp;000 000 Ft Eur\u00f3pai Uni\u00f3s t\u00e1mogat\u00e1s seg\u00edts\u00e9g\u00e9vel 2023 okt\u00f3ber\u00e9re fejez\u0151dtek be a kivitelez\u00e9si munk\u00e1latok.<\/p>\n\n\n\n<p>A beruh\u00e1z\u00e1s egy \u00e1tgondolt v\u00edzrendez\u00e9si fejleszt\u00e9s r\u00e9g\u00f3ta v\u00e1rt l\u00e9p\u00e9s\u00e9t jelentette. A beruh\u00e1z\u00e1s megval\u00f3s\u00edt\u00e1s\u00e1t k\u00f6vet\u0151en Cs\u00e9p s\u0171r\u0171n lakott utc\u00e1i az itt tal\u00e1lhat\u00f3 mag\u00e1n- \u00e9s k\u00f6ztulajdon hossz\u00fa t\u00e1von v\u00e9dett\u00e9 v\u00e1lt az egyre gyakrabban el\u0151fordul\u00f3 v\u00edzk\u00e1rok ellen\u00e9ben. Ezzel az itt \u00e9l\u0151k sz\u00e1m\u00e1ra v\u00e1lt \u00e9lhet\u0151bb\u00e9 a telep\u00fcl\u00e9s, mivel most m\u00e1r nagyobb biztons\u00e1gban lesznek az utc\u00e1kban tal\u00e1lhat\u00f3 csal\u00e1di h\u00e1zaik \u00e9s ingatlanjaik.<\/p>\n\n\n\n<p>A projekthez kapcsol\u00f3d\u00f3an a helyi lakoss\u00e1g szeml\u00e9letform\u00e1l\u00e1s\u00e1ra vonatkoz\u00f3 akci\u00f3 is megval\u00f3sult a hat\u00e9konyabb v\u00edzgazd\u00e1lkod\u00e1shoz vezet\u0151 l\u00e9p\u00e9sek megismertet\u00e9s\u00e9vel.<\/p>\n","protected":false},"excerpt":{"rendered":"<p>KEDVEZM\u00c9NYEZETT NEVE Cs\u00e9p K\u00f6zs\u00e9g \u00d6nkorm\u00e1nyzata EL\u00c9RHET\u0150S\u00c9GE 2946 Cs\u00e9p Kossuth Lajos utca 2. PROJEKT HELYSZ\u00cdNE 2946 Cs\u00e9p &nbsp;Pet\u0151fi S\u00e1ndor utca A PROJEKT C\u00cdME Cs\u00e9p csapad\u00e9kv\u00edz-elvezet\u00e9s\u00e9nek fejleszt\u00e9se A PROJEKT AZONOS\u00cdT\u00d3 SZ\u00c1MA TOP-2.1.3-16-KO1-2021-00035 A PROJEKT BEFEJEZ\u00c9S\u00c9NEK D\u00c1TUMA 2023.11.30. A T\u00c1MOGAT\u00c1S \u00d6SSZEGE 50&nbsp;000 000 Ft T\u00c1MOGAT\u00c1S M\u00c9RT\u00c9KE 100% SZEML\u00c9LETFORM\u00c1L\u00d3 ANYAGOK PROJEKT \u00c1LLAPOTA 50 % PROJEKT \u00c1LLAPOTA 100 % A [&hellip;]<\/p>\n","protected":false},"author":1,"featured_media":0,"parent":0,"menu_order":0,"comment_status":"closed","ping_status":"closed","template":"","meta":{"footnotes":""},"_links":{"self":[{"href":"http:\/\/csep.hu\/index.php?rest_route=\/wp\/v2\/pages\/465"}],"collection":[{"href":"http:\/\/csep.hu\/index.php?rest_route=\/wp\/v2\/pages"}],"about":[{"href":"http:\/\/csep.hu\/index.php?rest_route=\/wp\/v2\/types\/page"}],"author":[{"embeddable":true,"href":"http:\/\/csep.hu\/index.php?rest_route=\/wp\/v2\/users\/1"}],"replies":[{"embeddable":true,"href":"http:\/\/csep.hu\/index.php?rest_route=%2Fwp%2Fv2%2Fcomments&post=465"}],"version-history":[{"count":5,"href":"http:\/\/csep.hu\/index.php?rest_route=\/wp\/v2\/pages\/465\/revisions"}],"predecessor-version":[{"id":486,"href":"http:\/\/csep.hu\/index.php?rest_route=\/wp\/v2\/pages\/465\/revisions\/486"}],"wp:attachment":[{"href":"http:\/\/csep.hu\/index.php?rest_route=%2Fwp%2Fv2%2Fmedia&parent=465"}],"curies":[{"name":"wp","href":"https:\/\/api.w.org\/{rel}","templated":true}]}}