{"id":457,"date":"2024-01-12T10:27:23","date_gmt":"2024-01-12T10:27:23","guid":{"rendered":"http:\/\/csep.hu\/?page_id=457"},"modified":"2024-01-12T10:28:22","modified_gmt":"2024-01-12T10:28:22","slug":"valasztasi-ugyintezes","status":"publish","type":"page","link":"http:\/\/csep.hu\/?page_id=457","title":{"rendered":"V\u00e1laszt\u00e1si \u00fcgyint\u00e9z\u00e9s"},"content":{"rendered":"<p>A v\u00e1laszt\u00e1si \u00fcgyint\u00e9z\u00e9ssel kapcsolatos inform\u00e1ci\u00f3k a k\u00f6vetkez\u0151 linken el\u00e9rhet\u0151ek:<\/p>\n<p><a href=\"https:\/\/www.valasztas.hu\/ugyintezes\" target=\"_blank\">https:\/\/www.valasztas.hu\/ugyintezes<\/a><\/p>\n","protected":false},"excerpt":{"rendered":"<p>A v\u00e1laszt\u00e1si \u00fcgyint\u00e9z\u00e9ssel kapcsolatos inform\u00e1ci\u00f3k a k\u00f6vetkez\u0151 linken el\u00e9rhet\u0151ek: https:\/\/www.valasztas.hu\/ugyintezes<\/p>\n","protected":false},"author":1,"featured_media":0,"parent":433,"menu_order":0,"comment_status":"closed","ping_status":"closed","template":"","meta":{"footnotes":""},"_links":{"self":[{"href":"http:\/\/csep.hu\/index.php?rest_route=\/wp\/v2\/pages\/457"}],"collection":[{"href":"http:\/\/csep.hu\/index.php?rest_route=\/wp\/v2\/pages"}],"about":[{"href":"http:\/\/csep.hu\/index.php?rest_route=\/wp\/v2\/types\/page"}],"author":[{"embeddable":true,"href":"http:\/\/csep.hu\/index.php?rest_route=\/wp\/v2\/users\/1"}],"replies":[{"embeddable":true,"href":"http:\/\/csep.hu\/index.php?rest_route=%2Fwp%2Fv2%2Fcomments&post=457"}],"version-history":[{"count":1,"href":"http:\/\/csep.hu\/index.php?rest_route=\/wp\/v2\/pages\/457\/revisions"}],"predecessor-version":[{"id":458,"href":"http:\/\/csep.hu\/index.php?rest_route=\/wp\/v2\/pages\/457\/revisions\/458"}],"up":[{"embeddable":true,"href":"http:\/\/csep.hu\/index.php?rest_route=\/wp\/v2\/pages\/433"}],"wp:attachment":[{"href":"http:\/\/csep.hu\/index.php?rest_route=%2Fwp%2Fv2%2Fmedia&parent=457"}],"curies":[{"name":"wp","href":"https:\/\/api.w.org\/{rel}","templated":true}]}}