{"id":453,"date":"2024-01-12T10:25:30","date_gmt":"2024-01-12T10:25:30","guid":{"rendered":"http:\/\/csep.hu\/?page_id=453"},"modified":"2024-01-12T10:25:30","modified_gmt":"2024-01-12T10:25:30","slug":"valasztasi-bizottsag","status":"publish","type":"page","link":"http:\/\/csep.hu\/?page_id=453","title":{"rendered":"V\u00e1laszt\u00e1si bizotts\u00e1g"},"content":{"rendered":"<ul>\n<li>Tagjainak \u00e9s p\u00f3ttagjainak neve:<\/li>\n<li>El\u00e9rhet\u0151s\u00e9gei:<\/li>\n<li>\u00dcl\u00e9s\u00e9nek v\u00e1rhat\u00f3 id\u0151pontja \u00e9s r\u00e9szletes napirendje:<\/li>\n<li>\u00dcl\u00e9s\u00e9r\u0151l k\u00e9sz\u00fclt jegyz\u0151k\u00f6nyv:<\/li>\n<li>Hat\u00e1rozatai (a k\u00f6z\u00e9rdekb\u0151l nyilv\u00e1nos adatnak nem min\u0151s\u00fcl\u0151 szem\u00e9lyes adatok kiv\u00e9tel\u00e9vel):<\/li>\n<\/ul>\n","protected":false},"excerpt":{"rendered":"<p>Tagjainak \u00e9s p\u00f3ttagjainak neve: El\u00e9rhet\u0151s\u00e9gei: \u00dcl\u00e9s\u00e9nek v\u00e1rhat\u00f3 id\u0151pontja \u00e9s r\u00e9szletes napirendje: \u00dcl\u00e9s\u00e9r\u0151l k\u00e9sz\u00fclt jegyz\u0151k\u00f6nyv: Hat\u00e1rozatai (a k\u00f6z\u00e9rdekb\u0151l nyilv\u00e1nos adatnak nem min\u0151s\u00fcl\u0151 szem\u00e9lyes adatok kiv\u00e9tel\u00e9vel):<\/p>\n","protected":false},"author":1,"featured_media":0,"parent":0,"menu_order":0,"comment_status":"closed","ping_status":"closed","template":"","meta":{"footnotes":""},"_links":{"self":[{"href":"http:\/\/csep.hu\/index.php?rest_route=\/wp\/v2\/pages\/453"}],"collection":[{"href":"http:\/\/csep.hu\/index.php?rest_route=\/wp\/v2\/pages"}],"about":[{"href":"http:\/\/csep.hu\/index.php?rest_route=\/wp\/v2\/types\/page"}],"author":[{"embeddable":true,"href":"http:\/\/csep.hu\/index.php?rest_route=\/wp\/v2\/users\/1"}],"replies":[{"embeddable":true,"href":"http:\/\/csep.hu\/index.php?rest_route=%2Fwp%2Fv2%2Fcomments&post=453"}],"version-history":[{"count":1,"href":"http:\/\/csep.hu\/index.php?rest_route=\/wp\/v2\/pages\/453\/revisions"}],"predecessor-version":[{"id":454,"href":"http:\/\/csep.hu\/index.php?rest_route=\/wp\/v2\/pages\/453\/revisions\/454"}],"wp:attachment":[{"href":"http:\/\/csep.hu\/index.php?rest_route=%2Fwp%2Fv2%2Fmedia&parent=453"}],"curies":[{"name":"wp","href":"https:\/\/api.w.org\/{rel}","templated":true}]}}