{"id":451,"date":"2024-01-12T10:24:52","date_gmt":"2024-01-12T10:24:52","guid":{"rendered":"http:\/\/csep.hu\/?page_id=451"},"modified":"2024-01-12T10:25:07","modified_gmt":"2024-01-12T10:25:07","slug":"valasztasi-iroda","status":"publish","type":"page","link":"http:\/\/csep.hu\/?page_id=451","title":{"rendered":"V\u00e1laszt\u00e1si iroda"},"content":{"rendered":"<ul>\n<li>Vezet\u0151j\u00e9nek neve:<\/li>\n<li>Hivatali el\u00e9rhet\u0151s\u00e9g\u00e9nek c\u00edme:<\/li>\n<li>Telefonsz\u00e1ma:<\/li>\n<li>Elektronikus lev\u00e9lc\u00edme:<\/li>\n<li>V\u00e1laszt\u00e1si inform\u00e1ci\u00f3s szolg\u00e1lat\u00e1nak el\u00e9rhet\u0151s\u00e9gei:<\/li>\n<li>A v\u00e1laszt\u00e1si iroda vezet\u0151j\u00e9nek\n<ul>\n<li>a mand\u00e1tumok sz\u00e1m\u00e1nak meg\u00e1llap\u00edt\u00e1s\u00e1r\u00f3l sz\u00f3l\u00f3 hat\u00e1rozata:<\/li>\n<li>a v\u00e1laszt\u00f3k\u00f6rzetek kialak\u00edt\u00e1s\u00e1r\u00f3l sz\u00f3l\u00f3 hat\u00e1rozata:<\/li>\n<li>a szavaz\u00f3k\u00f6r\u00f6k kialak\u00edt\u00e1s\u00e1r\u00f3l \u00e9s fel\u00fclvizsg\u00e1lat\u00e1r\u00f3l sz\u00f3l\u00f3 hat\u00e1rozata:<\/li>\n<\/ul>\n<\/li>\n<\/ul>\n","protected":false},"excerpt":{"rendered":"<p>Vezet\u0151j\u00e9nek neve: Hivatali el\u00e9rhet\u0151s\u00e9g\u00e9nek c\u00edme: Telefonsz\u00e1ma: Elektronikus lev\u00e9lc\u00edme: V\u00e1laszt\u00e1si inform\u00e1ci\u00f3s szolg\u00e1lat\u00e1nak el\u00e9rhet\u0151s\u00e9gei: A v\u00e1laszt\u00e1si iroda vezet\u0151j\u00e9nek a mand\u00e1tumok sz\u00e1m\u00e1nak meg\u00e1llap\u00edt\u00e1s\u00e1r\u00f3l sz\u00f3l\u00f3 hat\u00e1rozata: a v\u00e1laszt\u00f3k\u00f6rzetek kialak\u00edt\u00e1s\u00e1r\u00f3l sz\u00f3l\u00f3 hat\u00e1rozata: a szavaz\u00f3k\u00f6r\u00f6k kialak\u00edt\u00e1s\u00e1r\u00f3l \u00e9s fel\u00fclvizsg\u00e1lat\u00e1r\u00f3l sz\u00f3l\u00f3 hat\u00e1rozata:<\/p>\n","protected":false},"author":1,"featured_media":0,"parent":433,"menu_order":0,"comment_status":"closed","ping_status":"closed","template":"","meta":{"footnotes":""},"_links":{"self":[{"href":"http:\/\/csep.hu\/index.php?rest_route=\/wp\/v2\/pages\/451"}],"collection":[{"href":"http:\/\/csep.hu\/index.php?rest_route=\/wp\/v2\/pages"}],"about":[{"href":"http:\/\/csep.hu\/index.php?rest_route=\/wp\/v2\/types\/page"}],"author":[{"embeddable":true,"href":"http:\/\/csep.hu\/index.php?rest_route=\/wp\/v2\/users\/1"}],"replies":[{"embeddable":true,"href":"http:\/\/csep.hu\/index.php?rest_route=%2Fwp%2Fv2%2Fcomments&post=451"}],"version-history":[{"count":1,"href":"http:\/\/csep.hu\/index.php?rest_route=\/wp\/v2\/pages\/451\/revisions"}],"predecessor-version":[{"id":452,"href":"http:\/\/csep.hu\/index.php?rest_route=\/wp\/v2\/pages\/451\/revisions\/452"}],"up":[{"embeddable":true,"href":"http:\/\/csep.hu\/index.php?rest_route=\/wp\/v2\/pages\/433"}],"wp:attachment":[{"href":"http:\/\/csep.hu\/index.php?rest_route=%2Fwp%2Fv2%2Fmedia&parent=451"}],"curies":[{"name":"wp","href":"https:\/\/api.w.org\/{rel}","templated":true}]}}