{"id":435,"date":"2023-10-31T12:10:09","date_gmt":"2023-10-31T12:10:09","guid":{"rendered":"http:\/\/csep.hu\/?page_id=435"},"modified":"2024-05-08T21:38:48","modified_gmt":"2024-05-08T21:38:48","slug":"valasztopolgaroknak","status":"publish","type":"page","link":"http:\/\/csep.hu\/?page_id=435","title":{"rendered":"V\u00e1laszt\u00f3polg\u00e1roknak"},"content":{"rendered":"\n<p><a href=\"http:\/\/csep.hu\/wp-content\/uploads\/2024\/04\/CSEP-NVI.pdf\" target=\"_blank\" rel=\"noreferrer noopener\">Helyi V\u00e1laszt\u00e1si Iroda K\u00f6zlem\u00e9nye<\/a><\/p>\n\n\n\n<p><a href=\"http:\/\/csep.hu\/wp-content\/uploads\/2024\/05\/Csep-sorsolasi-jegyzokonyv.pdf\" data-type=\"link\" data-id=\"http:\/\/csep.hu\/wp-content\/uploads\/2024\/05\/Csep-sorsolasi-jegyzokonyv.pdf\" target=\"_blank\" rel=\"noreferrer noopener\">Sorsol\u00e1si jegyz\u0151k\u00f6nyv<\/a><\/p>\n\n\n\n<p><a href=\"http:\/\/csep.hu\/wp-content\/uploads\/2024\/05\/Nyilvantartasba-vetel-Szeber-Jozsef.pdf\" data-type=\"link\" data-id=\"http:\/\/csep.hu\/wp-content\/uploads\/2024\/05\/Nyilvantartasba-vetel-Szeber-Jozsef.pdf\" target=\"_blank\" rel=\"noreferrer noopener\">Polg\u00e1rmesteri nyilv\u00e1ntart\u00e1sba v\u00e9tel<\/a><\/p>\n\n\n\n<p><a href=\"http:\/\/csep.hu\/wp-content\/uploads\/2024\/05\/kepviselo.zip\" data-type=\"link\" data-id=\"http:\/\/csep.hu\/wp-content\/uploads\/2024\/05\/kepviselo.zip\">K\u00e9pvisel\u0151i nyilv\u00e1ntart\u00e1sba v\u00e9tel<\/a><\/p>\n","protected":false},"excerpt":{"rendered":"<p>Helyi V\u00e1laszt\u00e1si Iroda K\u00f6zlem\u00e9nye Sorsol\u00e1si jegyz\u0151k\u00f6nyv Polg\u00e1rmesteri nyilv\u00e1ntart\u00e1sba v\u00e9tel K\u00e9pvisel\u0151i nyilv\u00e1ntart\u00e1sba v\u00e9tel<\/p>\n","protected":false},"author":1,"featured_media":0,"parent":0,"menu_order":0,"comment_status":"closed","ping_status":"closed","template":"","meta":{"footnotes":""},"_links":{"self":[{"href":"http:\/\/csep.hu\/index.php?rest_route=\/wp\/v2\/pages\/435"}],"collection":[{"href":"http:\/\/csep.hu\/index.php?rest_route=\/wp\/v2\/pages"}],"about":[{"href":"http:\/\/csep.hu\/index.php?rest_route=\/wp\/v2\/types\/page"}],"author":[{"embeddable":true,"href":"http:\/\/csep.hu\/index.php?rest_route=\/wp\/v2\/users\/1"}],"replies":[{"embeddable":true,"href":"http:\/\/csep.hu\/index.php?rest_route=%2Fwp%2Fv2%2Fcomments&post=435"}],"version-history":[{"count":4,"href":"http:\/\/csep.hu\/index.php?rest_route=\/wp\/v2\/pages\/435\/revisions"}],"predecessor-version":[{"id":498,"href":"http:\/\/csep.hu\/index.php?rest_route=\/wp\/v2\/pages\/435\/revisions\/498"}],"wp:attachment":[{"href":"http:\/\/csep.hu\/index.php?rest_route=%2Fwp%2Fv2%2Fmedia&parent=435"}],"curies":[{"name":"wp","href":"https:\/\/api.w.org\/{rel}","templated":true}]}}