{"id":28,"date":"2015-10-31T10:27:20","date_gmt":"2015-10-31T10:27:20","guid":{"rendered":"http:\/\/csep.hu\/?page_id=28"},"modified":"2020-02-20T20:07:20","modified_gmt":"2020-02-20T20:07:20","slug":"onkormanyzat","status":"publish","type":"page","link":"http:\/\/csep.hu\/?page_id=28","title":{"rendered":"\u00d6nkorm\u00e1nyzat"},"content":{"rendered":"<table border=\"0\" width=\"100%\" cellspacing=\"0\" cellpadding=\"1\">\n<tbody>\n<tr>\n<td width=\"50%\">\n<h2>Sz\u00e9ber J\u00f3zsef\u00a0&#8211;\u00a0Polg\u00e1rmester<\/h2>\n<p><strong>E-mail:<\/strong>\u00a0csephivatal@rednet.hu<\/p>\n<p>&nbsp;<\/td>\n<td>\u00a0<img loading=\"lazy\" decoding=\"async\" class=\"aligncenter wp-image-60 size-medium\" src=\"http:\/\/csep.hu\/wp-content\/uploads\/2015\/11\/no-300x225.jpg\" alt=\"no\" width=\"300\" height=\"225\" \/><\/td>\n<\/tr>\n<tr>\n<td width=\"50%\">\n<h2>Bergendi Zsolt &#8211; Alpolg\u00e1rmester<\/h2>\n<p>&nbsp;<\/p>\n<p>&nbsp;<\/td>\n<td>\u00a0<img loading=\"lazy\" decoding=\"async\" class=\"aligncenter size-medium wp-image-60\" src=\"http:\/\/csep.hu\/wp-content\/uploads\/2015\/11\/no-300x225.jpg\" alt=\"no\" width=\"300\" height=\"225\" \/><\/td>\n<\/tr>\n<tr>\n<td width=\"50%\">\n<h2>dr. Szallerbeck Zsolt &#8211;\u00a0jegyz\u0151<\/h2>\n<p><strong>E-mail: <\/strong>csephivatal@rednet.hu<\/p>\n<p>&nbsp;<\/td>\n<td>\u00a0<img loading=\"lazy\" decoding=\"async\" class=\"aligncenter size-medium wp-image-60\" src=\"http:\/\/csep.hu\/wp-content\/uploads\/2015\/11\/no-300x225.jpg\" alt=\"no\" width=\"300\" height=\"225\" \/><\/td>\n<\/tr>\n<tr>\n<td width=\"50%\">\n<h2>Szab\u00f3 Mih\u00e1ly &#8211; aljegyz\u0151<\/h2>\n<p>&nbsp;<\/p>\n<p>&nbsp;<\/td>\n<td>\u00a0<img loading=\"lazy\" decoding=\"async\" class=\"aligncenter size-medium wp-image-60\" src=\"http:\/\/csep.hu\/wp-content\/uploads\/2015\/11\/no-300x225.jpg\" alt=\"no\" width=\"300\" height=\"225\" \/><\/td>\n<\/tr>\n<\/tbody>\n<\/table>\n","protected":false},"excerpt":{"rendered":"<p>Sz\u00e9ber J\u00f3zsef\u00a0&#8211;\u00a0Polg\u00e1rmester E-mail:\u00a0csephivatal@rednet.hu &nbsp; \u00a0 Bergendi Zsolt &#8211; Alpolg\u00e1rmester &nbsp; &nbsp; \u00a0 dr. Szallerbeck Zsolt &#8211;\u00a0jegyz\u0151 E-mail: csephivatal@rednet.hu &nbsp; \u00a0 Szab\u00f3 Mih\u00e1ly &#8211; aljegyz\u0151 &nbsp; &nbsp; \u00a0<\/p>\n","protected":false},"author":1,"featured_media":0,"parent":0,"menu_order":0,"comment_status":"closed","ping_status":"closed","template":"","meta":{"footnotes":""},"_links":{"self":[{"href":"http:\/\/csep.hu\/index.php?rest_route=\/wp\/v2\/pages\/28"}],"collection":[{"href":"http:\/\/csep.hu\/index.php?rest_route=\/wp\/v2\/pages"}],"about":[{"href":"http:\/\/csep.hu\/index.php?rest_route=\/wp\/v2\/types\/page"}],"author":[{"embeddable":true,"href":"http:\/\/csep.hu\/index.php?rest_route=\/wp\/v2\/users\/1"}],"replies":[{"embeddable":true,"href":"http:\/\/csep.hu\/index.php?rest_route=%2Fwp%2Fv2%2Fcomments&post=28"}],"version-history":[{"count":7,"href":"http:\/\/csep.hu\/index.php?rest_route=\/wp\/v2\/pages\/28\/revisions"}],"predecessor-version":[{"id":304,"href":"http:\/\/csep.hu\/index.php?rest_route=\/wp\/v2\/pages\/28\/revisions\/304"}],"wp:attachment":[{"href":"http:\/\/csep.hu\/index.php?rest_route=%2Fwp%2Fv2%2Fmedia&parent=28"}],"curies":[{"name":"wp","href":"https:\/\/api.w.org\/{rel}","templated":true}]}}