{"id":179,"date":"2019-05-29T14:25:10","date_gmt":"2019-05-29T14:25:10","guid":{"rendered":"http:\/\/csep.hu\/?page_id=179"},"modified":"2024-12-12T09:25:37","modified_gmt":"2024-12-12T09:25:37","slug":"adatvedelem","status":"publish","type":"page","link":"http:\/\/csep.hu\/?page_id=179","title":{"rendered":"Adatv\u00e9delem"},"content":{"rendered":"<blockquote><p><strong>Adatv\u00e9delmi Tisztvisel\u0151<\/strong><\/p>\n<p>dr. Kampfm\u00fcller S\u00e1ndor<\/p>\n<p>email: kampfmuller@t-online.hu<\/p>\n<p>c\u00edm: 2899 Nasz\u00e1ly, R\u00e1k\u00f3czi Ferenc utca 3.<\/p><\/blockquote>\n<p><a href=\"http:\/\/csep.hu\/wp-content\/uploads\/2024\/12\/adatvedelmi.pdf\" target=\"_blank\" rel=\"noopener\">Adatbiztons\u00e1gi szab\u00e1lyzat<\/a><\/p>\n","protected":false},"excerpt":{"rendered":"<p>Adatv\u00e9delmi Tisztvisel\u0151 dr. Kampfm\u00fcller S\u00e1ndor email: kampfmuller@t-online.hu c\u00edm: 2899 Nasz\u00e1ly, R\u00e1k\u00f3czi Ferenc utca 3. Adatbiztons\u00e1gi szab\u00e1lyzat<\/p>\n","protected":false},"author":1,"featured_media":0,"parent":0,"menu_order":0,"comment_status":"closed","ping_status":"closed","template":"","meta":{"footnotes":""},"_links":{"self":[{"href":"http:\/\/csep.hu\/index.php?rest_route=\/wp\/v2\/pages\/179"}],"collection":[{"href":"http:\/\/csep.hu\/index.php?rest_route=\/wp\/v2\/pages"}],"about":[{"href":"http:\/\/csep.hu\/index.php?rest_route=\/wp\/v2\/types\/page"}],"author":[{"embeddable":true,"href":"http:\/\/csep.hu\/index.php?rest_route=\/wp\/v2\/users\/1"}],"replies":[{"embeddable":true,"href":"http:\/\/csep.hu\/index.php?rest_route=%2Fwp%2Fv2%2Fcomments&post=179"}],"version-history":[{"count":3,"href":"http:\/\/csep.hu\/index.php?rest_route=\/wp\/v2\/pages\/179\/revisions"}],"predecessor-version":[{"id":518,"href":"http:\/\/csep.hu\/index.php?rest_route=\/wp\/v2\/pages\/179\/revisions\/518"}],"wp:attachment":[{"href":"http:\/\/csep.hu\/index.php?rest_route=%2Fwp%2Fv2%2Fmedia&parent=179"}],"curies":[{"name":"wp","href":"https:\/\/api.w.org\/{rel}","templated":true}]}}